{"id":3392,"date":"2023-04-29T23:39:40","date_gmt":"2023-04-29T20:39:40","guid":{"rendered":"https:\/\/marmarisluxurytravel.com\/?page_id=3392"},"modified":"2025-05-01T11:19:14","modified_gmt":"2025-05-01T08:19:14","slug":"kvkk-aydinlatma-metni","status":"publish","type":"page","link":"https:\/\/marmarisluxurytravel.com\/tr\/kvkk-aydinlatma-metni\/","title":{"rendered":"KVKK- Ayd\u0131nlatma Metni"},"content":{"rendered":"<div class=\"wpb-content-wrapper\">[vc_row][vc_column][vc_row_inner][vc_column_inner][vc_widget_sidebar sidebar_id=&#8221;page&#8221;][vc_column_text][cookie_settings][\/vc_column_text][\/vc_column_inner][\/vc_row_inner][vc_column_text]K\u0130\u015e\u0130SEL VER\u0130LER\u0130N \u0130\u015eLENMES\u0130NE \u0130L\u0130\u015eK\u0130N AYDINLATMA METN\u0130<\/p>\n<p>(\u201cAYDINLATMA METN\u0130\u201d)<\/p>\n<p>Marmaris Luxury Travel &#8211; \u015eafak Turizm\u00a0 olarak; m\u00fc\u015fterilerinin, i\u015f ortaklar\u0131n\u0131n ve ili\u015fki i\u00e7erisinde bulundu\u011fu di\u011fer \u00fc\u00e7\u00fcnc\u00fc ki\u015filerin ki\u015fisel verilerinin korunmas\u0131 ile veri gizlili\u011fi ve g\u00fcvenli\u011finin sa\u011flanmas\u0131 bak\u0131m\u0131ndan veri sorumlusu s\u0131fat\u0131yla ki\u015fisel verilerin korunmas\u0131na ili\u015fkin i\u015fbu ayd\u0131nlatma metni (\u201cAyd\u0131nlatma Metni\u201d) sizleri bilgilendirmek amac\u0131yla dikkatinize sunulmaktad\u0131r.<\/p>\n<p>\u0130\u015fbu Ayd\u0131nlatma Metni, 6698 say\u0131l\u0131 Ki\u015fisel Verilerin Korunmas\u0131 Kanunu (\u201cKVKK\u201d)\u2019nun 10. maddesi \u00e7er\u00e7evesinde Marmaris Luxury Travel &#8211; \u015eafak Turizm firmas\u0131n\u0131n, web sitesi \u00fczerinden ziyaret edilmesi, fiziksel veya di\u011fer y\u00f6ntemlerle sipari\u015f verilmesi veya dan\u0131\u015fmanl\u0131k istenmesi, dan\u0131\u015fmanl\u0131k s\u00f6zle\u015fmesi kurulmas\u0131 ve\/veya dan\u0131\u015fmanl\u0131k s\u00f6zle\u015fmesinin ifas\u0131, i\u015fe al\u0131m s\u00fcre\u00e7lerinin y\u00fcr\u00fct\u00fclmesi, veya ileti\u015fime ge\u00e7mek isteyenlere hizmet verilebilmesi kapsam\u0131nda sunulmu\u015f ve\/veya toplanm\u0131\u015f olan ki\u015fisel verilerinizin (ad\u0131n\u0131z, adresiniz, telefon numaran\u0131z, e-posta adresiniz gibi kimli\u011fi belirli veya belirlenebilir ger\u00e7ek ki\u015fiye ili\u015fkin her t\u00fcrl\u00fc bilgi) (\u201cKi\u015fisel Veri(ler)\u201d) i\u015flenmesine ve bunlara ili\u015fkin haklar\u0131n\u0131za dair Marmaris Luxury Travel &#8211; \u015eafak Turizm &#8216;in \u201cVeri Sorumlusu\u201d olarak; ayd\u0131nlatma y\u00fck\u00fcml\u00fcl\u00fc\u011f\u00fcn\u00fcn yerine getirilmesini sa\u011flamak amac\u0131yla haz\u0131rlanm\u0131\u015ft\u0131r. Marmaris Luxury Travel &#8211; \u015eafak Turizm , Ki\u015fisel Veriler\u2019in i\u015flenmesi bak\u0131m\u0131ndan KVKK kapsam\u0131nda veri sorumlusu s\u0131fat\u0131n\u0131 haizdir. Ki\u015fisel Veriler, Marmaris Luxury Travel &#8211; \u015eafak Turizm firmas\u0131n\u0131n taraf\u0131ndan KVKK ve ki\u015fisel verilerin korunmas\u0131na ili\u015fkin mevzuata uygun olarak i\u015flenebilmekte ve muhafaza edilebilmektedir.<\/p>\n<p>Ki\u015fisel Veriler\u2019in \u0130\u015flenme Ama\u00e7lar\u0131<\/p>\n<p>Ki\u015fisel verileriniz, T.C. Anayasa\u2019n\u0131n 20. maddesine ve KVKK\u2019n\u0131n 4. maddesine uygun olarak veri sorumlusu Marmaris Luxury Travel &#8211; \u015eafak Turizm firmas\u0131n\u0131n taraf\u0131ndan;<\/p>\n<p>\u0130htiya\u00e7lar\u0131n\u0131z do\u011frultusunda talep etti\u011finiz hizmetlerin sunulmas\u0131,<br \/>\n\u0130nternet sitesi \u00fczerinden ileti\u015fim kurulmas\u0131,<br \/>\nTicari ve\/veya hukuki i\u015f stratejilerin planlanmas\u0131,<br \/>\nDan\u0131\u015fmanl\u0131k teklifleri, hizmet i\u00e7in sunulan tekliflerin incelenmesi,<br \/>\nBilgi g\u00fcvenli\u011fi s\u00fcrecinin y\u00fcr\u00fct\u00fclmesi,<br \/>\nSat\u0131\u015f veya dan\u0131\u015fmanl\u0131k s\u00f6zle\u015fmesinin kurulmas\u0131 ve\/veya ifas\u0131,<br \/>\nM\u00fc\u015fteri ili\u015fkileri s\u00fcre\u00e7lerinin y\u00fcr\u00fct\u00fclmesi,<br \/>\nS\u00f6zle\u015fme s\u00fcre\u00e7lerinin y\u00fcr\u00fct\u00fclmesi ve ilgili belgeleri imzalayan taraflar\u0131n imza yetkilerinin tespiti ve kontrol\u00fc<br \/>\nHer t\u00fcrl\u00fc i\u015f ve i\u015flemlerin sahiplerinin ve muhataplar\u0131n\u0131n belirlenmesinde gerekli kimlik, adres, vergi numaras\u0131 ve di\u011fer bilgilerin kayd\u0131, k\u00e2\u011f\u0131t \u00fczerinde veya elektronik ortamda d\u00fczenlenmesi,<br \/>\nYetkili Mahkeme, \u0130cra Dairesi, kurum ve\/veya kurulu\u015flara bilgi verilmesi,<br \/>\n\u0130\u015fe al\u0131m s\u00fcre\u00e7lerinde adaylar\u0131n de\u011ferlendirilmesi<br \/>\nHizmetlere dayal\u0131 g\u00fcncel olay ve haberlere ili\u015fkin bilgi verilmesi,<br \/>\nama\u00e7lar\u0131 ile i\u015flenebilir.<\/p>\n<p>Ki\u015fisel Veriler\u2019in Toplanma Y\u00f6ntemleri ile Hukuki Sebepleri<\/p>\n<p>Ki\u015fisel Veriler, Marmaris Luxury Travel &#8211; \u015eafak Turizm taraf\u0131ndan ba\u015fta dan\u0131\u015fmanl\u0131k, hizmet i\u00e7in teklif sunulmas\u0131 ve\/veya m\u00fc\u015fteri ili\u015fkileri kurulmas\u0131 ve\/veya dan\u0131\u015fmanl\u0131k s\u00f6zle\u015fmesi kurulmas\u0131 internet sitesi \u00fczerinden hizmetlerin sunulmas\u0131 olmak \u00fczere kullan\u0131lacak ara\u00e7 ve kanallar arac\u0131l\u0131\u011f\u0131yla s\u00f6zl\u00fc, yaz\u0131l\u0131 veya elektronik ortamda ve yukar\u0131da yer verilen ama\u00e7lar do\u011frultusunda Marmaris Luxury Travel &#8211; \u015eafak Turizm &#8216;in hizmetlerin sunumu, s\u00f6zle\u015fmeler ve kanunlardan do\u011fan mesuliyetlerini eksiksiz ve do\u011fru bir \u015fekilde yerine getirebilmesi i\u00e7in asgari teknolojik ihtiya\u00e7lar\u0131n kar\u015f\u0131lanmas\u0131 ve yasalarla belirlenmi\u015f hukuki sebeplere dayan\u0131larak toplanmaktad\u0131r. Bu hukuki sebeplerle toplanan Ki\u015fisel Veriler, Marmaris Luxury Travel &#8211; \u015eafak Turizm taraf\u0131ndan KVKK\u2019n\u0131n \u00f6ng\u00f6rd\u00fc\u011f\u00fc temel ilkelere uygun olarak, KVKK\u2019n\u0131n 5. ve 6. maddelerinde belirtilen ki\u015fisel veri i\u015fleme \u015fartlar\u0131 ve ama\u00e7lar\u0131 do\u011frultusunda i\u015fbu metinde belirtilen ama\u00e7larla da i\u015flenebilmekte ve aktar\u0131labilmektedir.<\/p>\n<p>Ki\u015fisel Verilerin \u0130\u015flenmesi<\/p>\n<p>Marmaris Luxury Travel &#8211; \u015eafak Turizm, Ki\u015fisel Veriler\u2019i sadece kesin, a\u00e7\u0131k ve yasal ama\u00e7lar d\u00e2hilinde toplayacak ve yukar\u0131da ilgili b\u00f6l\u00fcmde a\u00e7\u0131klanan Ki\u015fisel Veriler\u2019in i\u015flenme ama\u00e7lar\u0131n\u0131n gerektirdi\u011fi s\u00fcreler boyunca saklayabilecek olup Ki\u015fisel Veriler\u2019i KVKK\u2019da ve i\u015fbu Ayd\u0131nlatma Metni\u2019nde belirtilen \u00e7er\u00e7evede topland\u0131klar\u0131 ama\u00e7larla ba\u011fda\u015fmaz bir \u015fekilde i\u015flemeyecek ve i\u015flenmesini gerektiren sebeplerin ortadan kalkmas\u0131 h\u00e2linde, kanunen saklama mecburiyeti bulunan haller sakl\u0131 olmak \u00fczere, resen veya ilgili ki\u015finin talebi \u00fczerine silecek veya yok edecek veya anonim hale getirecektir.<\/p>\n<p>Ki\u015fisel Veriler\u2019in Aktar\u0131lmas\u0131<\/p>\n<p>Ki\u015fisel Verileriniz, Marmaris Luxury Travel &#8211; \u015eafak Turizm taraf\u0131ndan i\u015fbu Ayd\u0131nlatma Metni\u2019nde yer alan Ki\u015fisel Verilerin \u0130\u015flenme Ama\u00e7lar\u0131 ve bunlara ek olarak a\u015fa\u011f\u0131da belirtilen veri i\u015fleme ama\u00e7lar\u0131n\u0131 ger\u00e7ekle\u015ftirmek \u00fczere, Kanun\u2019un 8. maddesine uygun olarak yurt i\u00e7inde bulunan, hukuki ve mali denetimleri amac\u0131yla i\u015f ortaklar\u0131na, avukatlar\u0131na ve yetkili mahkeme ve\/veya icra daireleri ile kamu kurum ve kurulu\u015flar\u0131na aktar\u0131labilecektir. Ayr\u0131ca ki\u015fisel verileriniz, KVKK\u2019n\u0131n 9. maddesi uyar\u0131nca Marmaris Luxury Travel &#8211; \u015eafak Turizm taraf\u0131ndan do\u011frudan ya da dolayl\u0131 olarak yurtd\u0131\u015f\u0131nda bulunan dan\u0131\u015fmanl\u0131k, destek veya hukuki hizmet ald\u0131\u011f\u0131 veya almay\u0131 planlad\u0131\u011f\u0131 \u00fc\u00e7\u00fcnc\u00fc ki\u015filere, di\u011fer konularda dan\u0131\u015fmanl\u0131k destek veya hizmet ald\u0131\u011f\u0131 veya almay\u0131 planlad\u0131\u011f\u0131 \u00fc\u00e7\u00fcnc\u00fc ki\u015filere (\u00e7e\u015fitli \u00fclkelerde sunucular\u0131 bulunabilecek bulut bili\u015fim hizmeti sa\u011flay\u0131c\u0131lar\u0131 da d\u00e2hil), kanunen yetkili kurum ve kurulu\u015flara, , belirtilen ki\u015fisel veri i\u015fleme \u015fartlar\u0131 ve ama\u00e7lar\u0131 \u00e7er\u00e7evesinde aktar\u0131labilecektir.<\/p>\n<p>Ki\u015fisel verilerinizin yurti\u00e7ine veya yurtd\u0131\u015f\u0131na aktar\u0131labilir olmakla birlikte halinde gereken asgari teknik ve idari tedbirler uygun d\u00fczeyde Marmaris Luxury Travel &#8211; \u015eafak Turizm taraf\u0131ndan al\u0131nmaktad\u0131r. Ayr\u0131ca veri aktar\u0131m\u0131 yapan 3. Ki\u015filerin de gerekli teknik ve idari tedbirleri ald\u0131klar\u0131 konusunda taahh\u00fct al\u0131nmaktad\u0131r.<\/p>\n<p>Veri Sahibinin Haklar\u0131<\/p>\n<p>T.C. Anayasa\u2019n\u0131n 20. maddesinde herkesin, kendisiyle ilgili ki\u015fisel veriler hakk\u0131nda bilgilendirilme hakk\u0131na sahip oldu\u011fu, KVKK\u2019n\u0131n 11. maddesi gere\u011fi, Ki\u015fisel Veri sahibinin haklar\u0131 aras\u0131nda \u201cbilgi talep etme\u201d hakk\u0131n\u0131n da bulundu\u011fu d\u00fczenlenmi\u015ftir. Marmaris Luxury Travel &#8211; \u015eafak Turizm bu kapsamda, ki\u015fisel veri sahibinin bilgi talep etmesi durumunda gerekli bilgilendirmeyi yapmakta olup i\u015fbu Ayd\u0131nlatma Metni ile Marmaris Luxury Travel &#8211; \u015eafak Turizm s\u00f6z konusu bilgi talep etme hakk\u0131n\u0131n ne \u015fekilde kullan\u0131ld\u0131\u011f\u0131 ve bilgi talebine ili\u015fkin hususlar\u0131n nas\u0131l de\u011ferlendirilece\u011fi ile ilgili veri sahibine bilgi vermektedir.<\/p>\n<p>Ki\u015fisel veri sahipleri KVKK uyar\u0131nca a\u015fa\u011f\u0131da yer alan haklara sahiptir:<\/p>\n<p>Ki\u015fisel Veriler\u2019inin i\u015flenip i\u015flenmedi\u011fini \u00f6\u011frenme,<br \/>\nKi\u015fisel Veriler\u2019i i\u015flenmi\u015fse buna ili\u015fkin bilgi talep etme,<br \/>\nKi\u015fisel Veriler\u2019inin i\u015flenme amac\u0131n\u0131 ve bunlar\u0131n amac\u0131na uygun kullan\u0131l\u0131p kullan\u0131lmad\u0131\u011f\u0131n\u0131 \u00f6\u011frenme,<br \/>\nYurt i\u00e7inde veya yurt d\u0131\u015f\u0131nda Ki\u015fisel Veriler\u2019inin aktar\u0131ld\u0131\u011f\u0131 \u00fc\u00e7\u00fcnc\u00fc ki\u015fileri bilme,<br \/>\nKi\u015fisel Veriler\u2019inin eksik veya yanl\u0131\u015f i\u015flenmi\u015f olmas\u0131 halinde bunlar\u0131n d\u00fczetilmesini isteme,<br \/>\nKVKK\u2019n\u0131n 7. maddesinde \u00f6ng\u00f6r\u00fclen \u015fartlar \u00e7er\u00e7evesinde Ki\u015fisel Veriler\u2019inin silinmesini\/yok edilmesini ve bu kapsamda Ki\u015fisel Veriler\u2019in aktar\u0131ld\u0131\u011f\u0131 \u00fc\u00e7\u00fcnc\u00fc ki\u015filere bildirilmesini isteme,<br \/>\n\u0130\u015flenen verilerin m\u00fcnhas\u0131ran otomatik sistemler vas\u0131tas\u0131yla analiz edilmesi suretiyle aleyhlerine bir sonucun ortaya \u00e7\u0131kmas\u0131na itiraz etme,<br \/>\nKi\u015fisel Veriler\u2019inin KVKK\u2019ya ayk\u0131r\u0131 olarak i\u015flenmesi sebebiyle zarara u\u011framalar\u0131 halinde giderilmesini talep etme<br \/>\nhaklar\u0131na sahiptirler.<\/p>\n<p>Veri Sahibinin Ba\u015fvurusu<\/p>\n<p>Yukar\u0131da belirtilen haklar\u0131n\u0131za ili\u015fkin taleplerinizi info@marmarisluxurytravel.com adresinden, veya a\u015fa\u011f\u0131da yer alan adresimizden yaz\u0131l\u0131 olarak iletebilirsiniz. S\u00f6z konusu taleplerin sonu\u00e7land\u0131r\u0131lmas\u0131n\u0131n ayr\u0131ca bir maliyeti gerektirmesi halinde, Marmaris Luxury Travel &#8211; \u015eafak Turizm taraf\u0131ndan ba\u015fvuru sahibinden Ki\u015fisel Verileri Koruma Kurulu taraf\u0131ndan belirlenen tarifedeki \u00fccret istenebilecektir.<\/p>\n<p>Marmaris Luxury Travel &#8211; \u015eafak Turizm<\/p>\n<p>kisa_adres Marmaris\/ MU\u011eLA [\/vc_column_text][\/vc_column][\/vc_row]\n<\/div>","protected":false},"excerpt":{"rendered":"<p>[vc_row][vc_column][vc_row_inner][vc_column_inner][vc_widget_sidebar sidebar_id=&#8221;page&#8221;][vc_column_text][cookie_settings][\/vc_column_text][\/vc_column_inner][\/vc_row_inner][vc_column_text]K\u0130\u015e\u0130SEL VER\u0130LER\u0130N \u0130\u015eLENMES\u0130NE \u0130L\u0130\u015eK\u0130N AYDINLATMA METN\u0130 (\u201cAYDINLATMA METN\u0130\u201d) Marmaris Luxury Travel &#8211; \u015eafak Turizm\u00a0 olarak; m\u00fc\u015fterilerinin, i\u015f ortaklar\u0131n\u0131n ve ili\u015fki i\u00e7erisinde bulundu\u011fu di\u011fer \u00fc\u00e7\u00fcnc\u00fc ki\u015filerin ki\u015fisel verilerinin korunmas\u0131 ile veri gizlili\u011fi ve g\u00fcvenli\u011finin sa\u011flanmas\u0131 bak\u0131m\u0131ndan veri sorumlusu s\u0131fat\u0131yla ki\u015fisel verilerin korunmas\u0131na ili\u015fkin i\u015fbu ayd\u0131nlatma metni (\u201cAyd\u0131nlatma Metni\u201d) sizleri bilgilendirmek [&hellip;]<\/p>\n","protected":false},"author":1,"featured_media":0,"parent":0,"menu_order":90,"comment_status":"closed","ping_status":"closed","template":"","meta":{"footnotes":""},"class_list":["post-3392","page","type-page","status-publish","hentry"],"yoast_head":"<!-- This site is optimized with the Yoast SEO plugin v27.3 - https:\/\/yoast.com\/product\/yoast-seo-wordpress\/ -->\n<title>KVKK- Ayd\u0131nlatma Metni | Marmaris Luxury Travel<\/title>\n<meta name=\"robots\" content=\"index, follow, max-snippet:-1, max-image-preview:large, max-video-preview:-1\" \/>\n<link rel=\"canonical\" href=\"https:\/\/marmarisluxurytravel.com\/kvkk-information-text\/\" \/>\n<meta property=\"og:locale\" content=\"tr_TR\" \/>\n<meta property=\"og:type\" content=\"article\" \/>\n<meta property=\"og:title\" content=\"KVKK- Ayd\u0131nlatma Metni | Marmaris Luxury Travel\" \/>\n<meta property=\"og:description\" content=\"[vc_row][vc_column][vc_row_inner][vc_column_inner][vc_widget_sidebar sidebar_id=&#8221;page&#8221;][vc_column_text][cookie_settings][\/vc_column_text][\/vc_column_inner][\/vc_row_inner][vc_column_text]K\u0130\u015e\u0130SEL VER\u0130LER\u0130N \u0130\u015eLENMES\u0130NE \u0130L\u0130\u015eK\u0130N AYDINLATMA METN\u0130 (\u201cAYDINLATMA METN\u0130\u201d) Marmaris Luxury Travel &#8211; \u015eafak Turizm\u00a0 olarak; m\u00fc\u015fterilerinin, i\u015f ortaklar\u0131n\u0131n ve ili\u015fki i\u00e7erisinde bulundu\u011fu di\u011fer \u00fc\u00e7\u00fcnc\u00fc ki\u015filerin ki\u015fisel verilerinin korunmas\u0131 ile veri gizlili\u011fi ve g\u00fcvenli\u011finin sa\u011flanmas\u0131 bak\u0131m\u0131ndan veri sorumlusu s\u0131fat\u0131yla ki\u015fisel verilerin korunmas\u0131na ili\u015fkin i\u015fbu ayd\u0131nlatma metni (\u201cAyd\u0131nlatma Metni\u201d) sizleri bilgilendirmek [&hellip;]\" \/>\n<meta property=\"og:url\" content=\"https:\/\/marmarisluxurytravel.com\/kvkk-information-text\/\" \/>\n<meta property=\"og:site_name\" content=\"Marmaris Luxury Travel\" \/>\n<meta property=\"article:modified_time\" content=\"2025-05-01T08:19:14+00:00\" \/>\n<meta property=\"og:image\" content=\"https:\/\/marmarisluxurytravel.com\/wp-content\/uploads\/2025\/04\/marmaris_travel_siyah_gold_dikey_EN_logo-copy.png\" \/>\n\t<meta property=\"og:image:width\" content=\"1800\" \/>\n\t<meta property=\"og:image:height\" content=\"1800\" \/>\n\t<meta property=\"og:image:type\" content=\"image\/png\" \/>\n<meta name=\"twitter:card\" content=\"summary_large_image\" \/>\n<meta name=\"twitter:label1\" content=\"Tahmini okuma s\u00fcresi\" \/>\n\t<meta name=\"twitter:data1\" content=\"6 dakika\" \/>\n<script type=\"application\/ld+json\" class=\"yoast-schema-graph\">{\"@context\":\"https:\\\/\\\/schema.org\",\"@graph\":[{\"@type\":\"WebPage\",\"@id\":\"https:\\\/\\\/marmarisluxurytravel.com\\\/kvkk-information-text\\\/\",\"url\":\"https:\\\/\\\/marmarisluxurytravel.com\\\/kvkk-information-text\\\/\",\"name\":\"KVKK- Ayd\u0131nlatma Metni | Marmaris Luxury Travel\",\"isPartOf\":{\"@id\":\"https:\\\/\\\/marmarisluxurytravel.com\\\/#website\"},\"datePublished\":\"2023-04-29T20:39:40+00:00\",\"dateModified\":\"2025-05-01T08:19:14+00:00\",\"breadcrumb\":{\"@id\":\"https:\\\/\\\/marmarisluxurytravel.com\\\/kvkk-information-text\\\/#breadcrumb\"},\"inLanguage\":\"tr\",\"potentialAction\":[{\"@type\":\"ReadAction\",\"target\":[\"https:\\\/\\\/marmarisluxurytravel.com\\\/kvkk-information-text\\\/\"]}]},{\"@type\":\"BreadcrumbList\",\"@id\":\"https:\\\/\\\/marmarisluxurytravel.com\\\/kvkk-information-text\\\/#breadcrumb\",\"itemListElement\":[{\"@type\":\"ListItem\",\"position\":1,\"name\":\"Anasayfa\",\"item\":\"https:\\\/\\\/marmarisluxurytravel.com\\\/tr\\\/\"},{\"@type\":\"ListItem\",\"position\":2,\"name\":\"KVKK- Ayd\u0131nlatma Metni\"}]},{\"@type\":\"WebSite\",\"@id\":\"https:\\\/\\\/marmarisluxurytravel.com\\\/#website\",\"url\":\"https:\\\/\\\/marmarisluxurytravel.com\\\/\",\"name\":\"Marmaris Luxury Travel\",\"description\":\"Vip Transfer Hizmetleri\",\"publisher\":{\"@id\":\"https:\\\/\\\/marmarisluxurytravel.com\\\/#organization\"},\"alternateName\":\"Marmaris Vip Transfer Hizmetleri\",\"potentialAction\":[{\"@type\":\"SearchAction\",\"target\":{\"@type\":\"EntryPoint\",\"urlTemplate\":\"https:\\\/\\\/marmarisluxurytravel.com\\\/?s={search_term_string}\"},\"query-input\":{\"@type\":\"PropertyValueSpecification\",\"valueRequired\":true,\"valueName\":\"search_term_string\"}}],\"inLanguage\":\"tr\"},{\"@type\":\"Organization\",\"@id\":\"https:\\\/\\\/marmarisluxurytravel.com\\\/#organization\",\"name\":\"Marmaris Luxury Travel\",\"alternateName\":\"Marmaris Vip Ta\u015f\u0131mac\u0131l\u0131k\",\"url\":\"https:\\\/\\\/marmarisluxurytravel.com\\\/\",\"logo\":{\"@type\":\"ImageObject\",\"inLanguage\":\"tr\",\"@id\":\"https:\\\/\\\/marmarisluxurytravel.com\\\/#\\\/schema\\\/logo\\\/image\\\/\",\"url\":\"https:\\\/\\\/marmarisluxurytravel.com\\\/wp-content\\\/uploads\\\/2025\\\/04\\\/marmaris_travel_siyah_gold_dikey_EN_logo-copy.png\",\"contentUrl\":\"https:\\\/\\\/marmarisluxurytravel.com\\\/wp-content\\\/uploads\\\/2025\\\/04\\\/marmaris_travel_siyah_gold_dikey_EN_logo-copy.png\",\"width\":1800,\"height\":1800,\"caption\":\"Marmaris Luxury Travel\"},\"image\":{\"@id\":\"https:\\\/\\\/marmarisluxurytravel.com\\\/#\\\/schema\\\/logo\\\/image\\\/\"}}]}<\/script>\n<!-- \/ Yoast SEO plugin. -->","yoast_head_json":{"title":"KVKK- Ayd\u0131nlatma Metni | Marmaris Luxury Travel","robots":{"index":"index","follow":"follow","max-snippet":"max-snippet:-1","max-image-preview":"max-image-preview:large","max-video-preview":"max-video-preview:-1"},"canonical":"https:\/\/marmarisluxurytravel.com\/kvkk-information-text\/","og_locale":"tr_TR","og_type":"article","og_title":"KVKK- Ayd\u0131nlatma Metni | Marmaris Luxury Travel","og_description":"[vc_row][vc_column][vc_row_inner][vc_column_inner][vc_widget_sidebar sidebar_id=&#8221;page&#8221;][vc_column_text][cookie_settings][\/vc_column_text][\/vc_column_inner][\/vc_row_inner][vc_column_text]K\u0130\u015e\u0130SEL VER\u0130LER\u0130N \u0130\u015eLENMES\u0130NE \u0130L\u0130\u015eK\u0130N AYDINLATMA METN\u0130 (\u201cAYDINLATMA METN\u0130\u201d) Marmaris Luxury Travel &#8211; \u015eafak Turizm\u00a0 olarak; m\u00fc\u015fterilerinin, i\u015f ortaklar\u0131n\u0131n ve ili\u015fki i\u00e7erisinde bulundu\u011fu di\u011fer \u00fc\u00e7\u00fcnc\u00fc ki\u015filerin ki\u015fisel verilerinin korunmas\u0131 ile veri gizlili\u011fi ve g\u00fcvenli\u011finin sa\u011flanmas\u0131 bak\u0131m\u0131ndan veri sorumlusu s\u0131fat\u0131yla ki\u015fisel verilerin korunmas\u0131na ili\u015fkin i\u015fbu ayd\u0131nlatma metni (\u201cAyd\u0131nlatma Metni\u201d) sizleri bilgilendirmek [&hellip;]","og_url":"https:\/\/marmarisluxurytravel.com\/kvkk-information-text\/","og_site_name":"Marmaris Luxury Travel","article_modified_time":"2025-05-01T08:19:14+00:00","og_image":[{"width":1800,"height":1800,"url":"https:\/\/marmarisluxurytravel.com\/wp-content\/uploads\/2025\/04\/marmaris_travel_siyah_gold_dikey_EN_logo-copy.png","type":"image\/png"}],"twitter_card":"summary_large_image","twitter_misc":{"Tahmini okuma s\u00fcresi":"6 dakika"},"schema":{"@context":"https:\/\/schema.org","@graph":[{"@type":"WebPage","@id":"https:\/\/marmarisluxurytravel.com\/kvkk-information-text\/","url":"https:\/\/marmarisluxurytravel.com\/kvkk-information-text\/","name":"KVKK- Ayd\u0131nlatma Metni | Marmaris Luxury Travel","isPartOf":{"@id":"https:\/\/marmarisluxurytravel.com\/#website"},"datePublished":"2023-04-29T20:39:40+00:00","dateModified":"2025-05-01T08:19:14+00:00","breadcrumb":{"@id":"https:\/\/marmarisluxurytravel.com\/kvkk-information-text\/#breadcrumb"},"inLanguage":"tr","potentialAction":[{"@type":"ReadAction","target":["https:\/\/marmarisluxurytravel.com\/kvkk-information-text\/"]}]},{"@type":"BreadcrumbList","@id":"https:\/\/marmarisluxurytravel.com\/kvkk-information-text\/#breadcrumb","itemListElement":[{"@type":"ListItem","position":1,"name":"Anasayfa","item":"https:\/\/marmarisluxurytravel.com\/tr\/"},{"@type":"ListItem","position":2,"name":"KVKK- Ayd\u0131nlatma Metni"}]},{"@type":"WebSite","@id":"https:\/\/marmarisluxurytravel.com\/#website","url":"https:\/\/marmarisluxurytravel.com\/","name":"Marmaris Luxury Travel","description":"Vip Transfer Hizmetleri","publisher":{"@id":"https:\/\/marmarisluxurytravel.com\/#organization"},"alternateName":"Marmaris Vip Transfer Hizmetleri","potentialAction":[{"@type":"SearchAction","target":{"@type":"EntryPoint","urlTemplate":"https:\/\/marmarisluxurytravel.com\/?s={search_term_string}"},"query-input":{"@type":"PropertyValueSpecification","valueRequired":true,"valueName":"search_term_string"}}],"inLanguage":"tr"},{"@type":"Organization","@id":"https:\/\/marmarisluxurytravel.com\/#organization","name":"Marmaris Luxury Travel","alternateName":"Marmaris Vip Ta\u015f\u0131mac\u0131l\u0131k","url":"https:\/\/marmarisluxurytravel.com\/","logo":{"@type":"ImageObject","inLanguage":"tr","@id":"https:\/\/marmarisluxurytravel.com\/#\/schema\/logo\/image\/","url":"https:\/\/marmarisluxurytravel.com\/wp-content\/uploads\/2025\/04\/marmaris_travel_siyah_gold_dikey_EN_logo-copy.png","contentUrl":"https:\/\/marmarisluxurytravel.com\/wp-content\/uploads\/2025\/04\/marmaris_travel_siyah_gold_dikey_EN_logo-copy.png","width":1800,"height":1800,"caption":"Marmaris Luxury Travel"},"image":{"@id":"https:\/\/marmarisluxurytravel.com\/#\/schema\/logo\/image\/"}}]}},"_links":{"self":[{"href":"https:\/\/marmarisluxurytravel.com\/tr\/wp-json\/wp\/v2\/pages\/3392","targetHints":{"allow":["GET"]}}],"collection":[{"href":"https:\/\/marmarisluxurytravel.com\/tr\/wp-json\/wp\/v2\/pages"}],"about":[{"href":"https:\/\/marmarisluxurytravel.com\/tr\/wp-json\/wp\/v2\/types\/page"}],"author":[{"embeddable":true,"href":"https:\/\/marmarisluxurytravel.com\/tr\/wp-json\/wp\/v2\/users\/1"}],"replies":[{"embeddable":true,"href":"https:\/\/marmarisluxurytravel.com\/tr\/wp-json\/wp\/v2\/comments?post=3392"}],"version-history":[{"count":0,"href":"https:\/\/marmarisluxurytravel.com\/tr\/wp-json\/wp\/v2\/pages\/3392\/revisions"}],"wp:attachment":[{"href":"https:\/\/marmarisluxurytravel.com\/tr\/wp-json\/wp\/v2\/media?parent=3392"}],"curies":[{"name":"wp","href":"https:\/\/api.w.org\/{rel}","templated":true}]}}