{"id":3394,"date":"2023-04-29T23:40:02","date_gmt":"2023-04-29T20:40:02","guid":{"rendered":"https:\/\/marmarisluxurytravel.com\/?page_id=3394"},"modified":"2023-04-30T02:39:56","modified_gmt":"2023-04-29T23:39:56","slug":"cerez-politikasi","status":"publish","type":"page","link":"https:\/\/marmarisluxurytravel.com\/tr\/kvkk-aydinlatma-metni\/cerez-politikasi\/","title":{"rendered":"\u00c7erez Politikas\u0131"},"content":{"rendered":"<div class=\"wpb-content-wrapper\">[vc_row][vc_column][vc_column_text]\n<div class=\"cli_pg_page_contaner\">\n<h3>Bu \u00e7erez politikas\u0131 hakk\u0131nda<\/h3>\n<div>Bu \u00c7erez Politikas\u0131, \u00e7erezlerin ne oldu\u011funu ve bunlar\u0131 nas\u0131l kulland\u0131\u011f\u0131m\u0131z\u0131, kulland\u0131\u011f\u0131m\u0131z \u00e7erez t\u00fcrlerini, yani \u00e7erezleri kullanarak toplad\u0131\u011f\u0131m\u0131z bilgileri ve bu bilgilerin nas\u0131l kullan\u0131ld\u0131\u011f\u0131n\u0131 ve \u00e7erez tercihlerinin nas\u0131l kontrol edilece\u011fini a\u00e7\u0131klar. Ki\u015fisel verilerinizi nas\u0131l kulland\u0131\u011f\u0131m\u0131z, saklad\u0131\u011f\u0131m\u0131z ve g\u00fcvende tuttu\u011fumuz hakk\u0131nda daha fazla bilgi i\u00e7in <a href=\"https:\/\/marmarisluxurytravel.com\/kvkk-aydinlatma-metni\/\">bu sayfay\u0131 ziyaret edebilirsiniz<\/a>. Web sitemizdeki &#8220;\u00c7erez Ayarlar\u0131 Eklentisindeki&#8221; onay\u0131n\u0131z\u0131 istedi\u011finiz zaman de\u011fi\u015ftirebilir veya geri \u00e7ekebilirsiniz.<\/div>\n<div>[cookie_settings]<\/div>\n<div>Kim oldu\u011fumuz, bizimle nas\u0131l ileti\u015fime ge\u00e7ebilece\u011finiz ve ki\u015fisel verileri nas\u0131l i\u015fledi\u011fimiz hakk\u0131nda bilgi edinmek i\u00e7in; KVKK- Ayd\u0131nlatma Metni, Gizlilik Politikam\u0131z ve Site Kullan\u0131m Ko\u015fullar\u0131n\u0131 Okuyabilirsiniz.<br \/>\n\u0130zniniz a\u015fa\u011f\u0131daki alan adlar\u0131 i\u00e7in ge\u00e7erlidir:<br \/>\n*\/.https:\/\/marmarisluxurytravel.com\/*[user_consent_state]<\/div>\n<h3>\u00c7erezler nedir?<\/h3>\n<div>\u00c7erezler, g\u00fcn\u00fcm\u00fcz teknolojisinde internet sitelerinin \u00e7al\u0131\u015fabilmesi ve verim sa\u011flanabilmesi i\u00e7in tasarlanm\u0131\u015f, k\u00fc\u00e7\u00fck bilgi par\u00e7alar\u0131n\u0131 depolamak i\u00e7in kullan\u0131lan k\u00fc\u00e7\u00fck metin dosyalar\u0131d\u0131r.(*kolayl\u0131kla okunamazlar ve \u015eahsi bilgisayarlar taraf\u0131ndan antivir\u00fcs programlar\u0131 ile korunmalar\u0131 kullan\u0131c\u0131 sorumlulu\u011fundad\u0131r)\u0130nternet sitesini taray\u0131c\u0131n\u0131za y\u00fcklendi\u011finde cihaz\u0131n\u0131zda saklan\u0131rlar. Bu tan\u0131mlama bilgileri, internet sitesinin d\u00fczg\u00fcn \u00e7al\u0131\u015fmas\u0131n\u0131 sa\u011flamam\u0131za, daha g\u00fcvenli hale getirmemize, daha iyi kullan\u0131c\u0131 deneyimi sunmam\u0131za ve web sitesinin nas\u0131l \u00e7al\u0131\u015ft\u0131\u011f\u0131n\u0131 anlamam\u0131za ve neyin i\u015fe yarad\u0131\u011f\u0131n\u0131 ve nerede iyile\u015ftirilmesi gerekti\u011fini analiz etmemize yard\u0131mc\u0131 olur.<\/div>\n<h3>\u00c7erezleri nas\u0131l kullan\u0131r\u0131z?<\/h3>\n<div>\u00c7evrimi\u00e7i hizmetlerin \u00e7o\u011fu gibi, web sitemiz de \u00e7e\u015fitli ama\u00e7lar i\u00e7in birinci taraf ve \u00fc\u00e7\u00fcnc\u00fc taraf \u00e7erezleri kullan\u0131r. Birinci taraf tan\u0131mlama bilgileri, \u00e7o\u011funlukla internet sitesinin do\u011fru \u015fekilde \u00e7al\u0131\u015fmas\u0131 i\u00e7in gereklidir ve ki\u015fisel olarak tan\u0131mlanabilir verilerinizi toplamazlar.<br \/>\n\u0130nternet sitemizde kullan\u0131lan \u00fc\u00e7\u00fcnc\u00fc taraf tan\u0131mlama bilgileri, esas olarak internet sitesinin nas\u0131l performans g\u00f6sterdi\u011fini, internet sitemizle nas\u0131l etkile\u015fim kurdu\u011funuzu, hizmetlerimizi g\u00fcvende tutmak, sizinle alakal\u0131 reklamlar sunmak (* sitemizde k\u0131s\u0131tl\u0131 reklamc\u0131l\u0131k olabilir) ve genel olarak size daha iyi ve geli\u015fmi\u015f bir kullan\u0131c\u0131 deneyimi sa\u011flamak i\u00e7indir. deneyimleyin ve internet sitemizle gelecekteki etkile\u015fimlerinizi h\u0131zland\u0131rmaya yard\u0131mc\u0131 olun.<\/div>\n<h3>Ne t\u00fcr \u00e7erezler kullan\u0131yoruz?<\/h3>\n<div>Temel: Sitemizin tam i\u015flevselli\u011fini deneyimleyebilmeniz i\u00e7in baz\u0131 \u00e7erezler gereklidir. Kullan\u0131c\u0131 oturumlar\u0131n\u0131 s\u00fcrd\u00fcrmemize ve herhangi bir g\u00fcvenlik tehdidini \u00f6nlememize izin veriyorlar. Herhangi bir ki\u015fisel bilgi toplamazlar veya saklamazlar. \u00d6rne\u011fin, bu \u00e7erezler hesab\u0131n\u0131za giri\u015f yapman\u0131z\u0131, \u00fcr\u00fcnleri sepetinize eklemenizi ve g\u00fcvenli bir \u015fekilde \u00f6deme yapman\u0131z\u0131 sa\u011flar.<br \/>\n\u0130statistikler: Bu \u00e7erezler, web sitesini ziyaret edenlerin say\u0131s\u0131, tekil ziyaret\u00e7i say\u0131s\u0131, web sitesinin hangi sayfalar\u0131n\u0131n ziyaret edildi\u011fi, ziyaretin kayna\u011f\u0131 vb. gibi bilgileri depolar. Bu veriler, web sitesinin ne kadar iyi performans g\u00f6sterdi\u011fini anlamam\u0131za ve analiz etmemize yard\u0131mc\u0131 olur.<br \/>\nPazarlama: Web sitemiz reklam g\u00f6r\u00fcnt\u00fcler. Bu \u00e7erezler, size g\u00f6sterdi\u011fimiz reklamlar\u0131 sizin i\u00e7in anlaml\u0131 olacak \u015fekilde ki\u015fiselle\u015ftirmek i\u00e7in kullan\u0131l\u0131r. Bu \u00e7erezler ayr\u0131ca bu reklam kampanyalar\u0131n\u0131n verimlili\u011fini takip etmemize yard\u0131mc\u0131 olur. Bu \u00e7erezlerde saklanan bilgiler, \u00fc\u00e7\u00fcnc\u00fc taraf reklam sa\u011flay\u0131c\u0131lar taraf\u0131ndan taray\u0131c\u0131daki di\u011fer web sitelerinde size reklam g\u00f6stermek i\u00e7in de kullan\u0131labilir.<br \/>\n\u0130\u015flevsel: Bunlar, web sitemizdeki baz\u0131 temel olmayan i\u015flevlere yard\u0131mc\u0131 olan \u00e7erezlerdir. Bu i\u015flevler, videolar gibi i\u00e7eriklerin yerle\u015ftirilmesini veya web sitesinin i\u00e7eri\u011finin sosyal medya platformlar\u0131nda payla\u015f\u0131lmas\u0131n\u0131 i\u00e7erir.<br \/>\nTercihler: Bu tan\u0131mlama bilgileri, web sitesine gelecekteki ziyaretlerinizde daha iyi ve verimli bir deneyim ya\u015faman\u0131z i\u00e7in ayarlar\u0131n\u0131z\u0131 ve dil tercihleri \u200b\u200bgibi g\u00f6z atma tercihlerinizi saklamam\u0131za yard\u0131mc\u0131 olur.[cookie_audit column=&#8221;cookie,description&#8221; title=&#8221;A\u015fa\u011f\u0131daki liste, web sitemizde kullan\u0131lan \u00e7erezlerin ayr\u0131nt\u0131lar\u0131n\u0131 vermektedir.&#8221;]<\/div>\n<div>[cookie_settings]<\/div>\n<h3>\u00c7erez tercihlerini nas\u0131l kontrol edebilirim?<\/h3>\n<div>Tercihlerinizi daha sonra tarama oturumunuzdan de\u011fi\u015ftirmeye karar verirseniz, ekran\u0131n\u0131zdaki &#8220;<a href=\"https:\/\/marmarisluxurytravel.com\/kvkk-aydinlatma-metni\/\">KVKK-Ayd\u0131nlatma Metni veya Gizlilik Politikas\u0131<\/a>&#8221; sekmesine veya yukar\u0131da bulunan butona t\u0131klayabilirsiniz. Bu, tercihlerinizi de\u011fi\u015ftirmenize veya onay\u0131n\u0131z\u0131 tamamen geri \u00e7ekmenize olanak tan\u0131yan onay bildirimini tekrar g\u00f6r\u00fcnt\u00fcler.<br \/>\nBuna ek olarak, farkl\u0131 taray\u0131c\u0131lar, web siteleri taraf\u0131ndan kullan\u0131lan \u00e7erezleri engellemek ve silmek i\u00e7in farkl\u0131 y\u00f6ntemler sunar. \u00c7erezleri engellemek\/silmek i\u00e7in taray\u0131c\u0131n\u0131z\u0131n ayarlar\u0131n\u0131 de\u011fi\u015ftirebilirsiniz. \u00c7erezlerin nas\u0131l y\u00f6netilece\u011fi ve silinece\u011fi hakk\u0131nda daha fazla bilgi edinmek i\u00e7in wikipedia.org, www.allaboutcookies.org internet sitelerini ziyaret edebilirsiniz.<\/div>\n<\/div>\n[\/vc_column_text][\/vc_column][\/vc_row]\n<\/div>","protected":false},"excerpt":{"rendered":"<p>[vc_row][vc_column][vc_column_text] Bu \u00e7erez politikas\u0131 hakk\u0131nda Bu \u00c7erez Politikas\u0131, \u00e7erezlerin ne oldu\u011funu ve bunlar\u0131 nas\u0131l kulland\u0131\u011f\u0131m\u0131z\u0131, kulland\u0131\u011f\u0131m\u0131z \u00e7erez t\u00fcrlerini, yani \u00e7erezleri kullanarak toplad\u0131\u011f\u0131m\u0131z bilgileri ve bu bilgilerin nas\u0131l kullan\u0131ld\u0131\u011f\u0131n\u0131 ve \u00e7erez tercihlerinin nas\u0131l kontrol edilece\u011fini a\u00e7\u0131klar. Ki\u015fisel verilerinizi nas\u0131l kulland\u0131\u011f\u0131m\u0131z, saklad\u0131\u011f\u0131m\u0131z ve g\u00fcvende tuttu\u011fumuz hakk\u0131nda daha fazla bilgi i\u00e7in bu sayfay\u0131 [&hellip;]<\/p>\n","protected":false},"author":1,"featured_media":0,"parent":3392,"menu_order":99,"comment_status":"closed","ping_status":"closed","template":"","meta":{"footnotes":""},"class_list":["post-3394","page","type-page","status-publish","hentry"],"yoast_head":"<!-- This site is optimized with the Yoast SEO plugin v27.3 - https:\/\/yoast.com\/product\/yoast-seo-wordpress\/ -->\n<title>\u00c7erez Politikas\u0131 | Marmaris Luxury Travel<\/title>\n<meta name=\"robots\" content=\"index, follow, max-snippet:-1, max-image-preview:large, max-video-preview:-1\" \/>\n<link rel=\"canonical\" href=\"https:\/\/marmarisluxurytravel.com\/kvkk-information-text\/cookie-policy\/\" \/>\n<meta property=\"og:locale\" content=\"tr_TR\" \/>\n<meta property=\"og:type\" content=\"article\" \/>\n<meta property=\"og:title\" content=\"\u00c7erez Politikas\u0131 | Marmaris Luxury Travel\" \/>\n<meta property=\"og:description\" content=\"[vc_row][vc_column][vc_column_text] Bu \u00e7erez politikas\u0131 hakk\u0131nda Bu \u00c7erez Politikas\u0131, \u00e7erezlerin ne oldu\u011funu ve bunlar\u0131 nas\u0131l kulland\u0131\u011f\u0131m\u0131z\u0131, kulland\u0131\u011f\u0131m\u0131z \u00e7erez t\u00fcrlerini, yani \u00e7erezleri kullanarak toplad\u0131\u011f\u0131m\u0131z bilgileri ve bu bilgilerin nas\u0131l kullan\u0131ld\u0131\u011f\u0131n\u0131 ve \u00e7erez tercihlerinin nas\u0131l kontrol edilece\u011fini a\u00e7\u0131klar. Ki\u015fisel verilerinizi nas\u0131l kulland\u0131\u011f\u0131m\u0131z, saklad\u0131\u011f\u0131m\u0131z ve g\u00fcvende tuttu\u011fumuz hakk\u0131nda daha fazla bilgi i\u00e7in bu sayfay\u0131 [&hellip;]\" \/>\n<meta property=\"og:url\" content=\"https:\/\/marmarisluxurytravel.com\/kvkk-information-text\/cookie-policy\/\" \/>\n<meta property=\"og:site_name\" content=\"Marmaris Luxury Travel\" \/>\n<meta property=\"article:modified_time\" content=\"2023-04-29T23:39:56+00:00\" \/>\n<meta property=\"og:image\" content=\"https:\/\/marmarisluxurytravel.com\/wp-content\/uploads\/2025\/04\/marmaris_travel_siyah_gold_dikey_EN_logo-copy.png\" \/>\n\t<meta property=\"og:image:width\" content=\"1800\" \/>\n\t<meta property=\"og:image:height\" content=\"1800\" \/>\n\t<meta property=\"og:image:type\" content=\"image\/png\" \/>\n<meta name=\"twitter:card\" content=\"summary_large_image\" \/>\n<script type=\"application\/ld+json\" class=\"yoast-schema-graph\">{\"@context\":\"https:\\\/\\\/schema.org\",\"@graph\":[{\"@type\":\"WebPage\",\"@id\":\"https:\\\/\\\/marmarisluxurytravel.com\\\/kvkk-information-text\\\/cookie-policy\\\/\",\"url\":\"https:\\\/\\\/marmarisluxurytravel.com\\\/kvkk-information-text\\\/cookie-policy\\\/\",\"name\":\"\u00c7erez Politikas\u0131 | Marmaris Luxury Travel\",\"isPartOf\":{\"@id\":\"https:\\\/\\\/marmarisluxurytravel.com\\\/#website\"},\"datePublished\":\"2023-04-29T20:40:02+00:00\",\"dateModified\":\"2023-04-29T23:39:56+00:00\",\"breadcrumb\":{\"@id\":\"https:\\\/\\\/marmarisluxurytravel.com\\\/kvkk-information-text\\\/cookie-policy\\\/#breadcrumb\"},\"inLanguage\":\"tr\",\"potentialAction\":[{\"@type\":\"ReadAction\",\"target\":[\"https:\\\/\\\/marmarisluxurytravel.com\\\/kvkk-information-text\\\/cookie-policy\\\/\"]}]},{\"@type\":\"BreadcrumbList\",\"@id\":\"https:\\\/\\\/marmarisluxurytravel.com\\\/kvkk-information-text\\\/cookie-policy\\\/#breadcrumb\",\"itemListElement\":[{\"@type\":\"ListItem\",\"position\":1,\"name\":\"Anasayfa\",\"item\":\"https:\\\/\\\/marmarisluxurytravel.com\\\/tr\\\/\"},{\"@type\":\"ListItem\",\"position\":2,\"name\":\"KVKK- Ayd\u0131nlatma Metni\",\"item\":\"https:\\\/\\\/marmarisluxurytravel.com\\\/kvkk-information-text\\\/\"},{\"@type\":\"ListItem\",\"position\":3,\"name\":\"\u00c7erez Politikas\u0131\"}]},{\"@type\":\"WebSite\",\"@id\":\"https:\\\/\\\/marmarisluxurytravel.com\\\/#website\",\"url\":\"https:\\\/\\\/marmarisluxurytravel.com\\\/\",\"name\":\"Marmaris Luxury Travel\",\"description\":\"Vip Transfer Hizmetleri\",\"publisher\":{\"@id\":\"https:\\\/\\\/marmarisluxurytravel.com\\\/#organization\"},\"alternateName\":\"Marmaris Vip Transfer Hizmetleri\",\"potentialAction\":[{\"@type\":\"SearchAction\",\"target\":{\"@type\":\"EntryPoint\",\"urlTemplate\":\"https:\\\/\\\/marmarisluxurytravel.com\\\/?s={search_term_string}\"},\"query-input\":{\"@type\":\"PropertyValueSpecification\",\"valueRequired\":true,\"valueName\":\"search_term_string\"}}],\"inLanguage\":\"tr\"},{\"@type\":\"Organization\",\"@id\":\"https:\\\/\\\/marmarisluxurytravel.com\\\/#organization\",\"name\":\"Marmaris Luxury Travel\",\"alternateName\":\"Marmaris Vip Ta\u015f\u0131mac\u0131l\u0131k\",\"url\":\"https:\\\/\\\/marmarisluxurytravel.com\\\/\",\"logo\":{\"@type\":\"ImageObject\",\"inLanguage\":\"tr\",\"@id\":\"https:\\\/\\\/marmarisluxurytravel.com\\\/#\\\/schema\\\/logo\\\/image\\\/\",\"url\":\"https:\\\/\\\/marmarisluxurytravel.com\\\/wp-content\\\/uploads\\\/2025\\\/04\\\/marmaris_travel_siyah_gold_dikey_EN_logo-copy.png\",\"contentUrl\":\"https:\\\/\\\/marmarisluxurytravel.com\\\/wp-content\\\/uploads\\\/2025\\\/04\\\/marmaris_travel_siyah_gold_dikey_EN_logo-copy.png\",\"width\":1800,\"height\":1800,\"caption\":\"Marmaris Luxury Travel\"},\"image\":{\"@id\":\"https:\\\/\\\/marmarisluxurytravel.com\\\/#\\\/schema\\\/logo\\\/image\\\/\"}}]}<\/script>\n<!-- \/ Yoast SEO plugin. -->","yoast_head_json":{"title":"\u00c7erez Politikas\u0131 | Marmaris Luxury Travel","robots":{"index":"index","follow":"follow","max-snippet":"max-snippet:-1","max-image-preview":"max-image-preview:large","max-video-preview":"max-video-preview:-1"},"canonical":"https:\/\/marmarisluxurytravel.com\/kvkk-information-text\/cookie-policy\/","og_locale":"tr_TR","og_type":"article","og_title":"\u00c7erez Politikas\u0131 | Marmaris Luxury Travel","og_description":"[vc_row][vc_column][vc_column_text] Bu \u00e7erez politikas\u0131 hakk\u0131nda Bu \u00c7erez Politikas\u0131, \u00e7erezlerin ne oldu\u011funu ve bunlar\u0131 nas\u0131l kulland\u0131\u011f\u0131m\u0131z\u0131, kulland\u0131\u011f\u0131m\u0131z \u00e7erez t\u00fcrlerini, yani \u00e7erezleri kullanarak toplad\u0131\u011f\u0131m\u0131z bilgileri ve bu bilgilerin nas\u0131l kullan\u0131ld\u0131\u011f\u0131n\u0131 ve \u00e7erez tercihlerinin nas\u0131l kontrol edilece\u011fini a\u00e7\u0131klar. Ki\u015fisel verilerinizi nas\u0131l kulland\u0131\u011f\u0131m\u0131z, saklad\u0131\u011f\u0131m\u0131z ve g\u00fcvende tuttu\u011fumuz hakk\u0131nda daha fazla bilgi i\u00e7in bu sayfay\u0131 [&hellip;]","og_url":"https:\/\/marmarisluxurytravel.com\/kvkk-information-text\/cookie-policy\/","og_site_name":"Marmaris Luxury Travel","article_modified_time":"2023-04-29T23:39:56+00:00","og_image":[{"width":1800,"height":1800,"url":"https:\/\/marmarisluxurytravel.com\/wp-content\/uploads\/2025\/04\/marmaris_travel_siyah_gold_dikey_EN_logo-copy.png","type":"image\/png"}],"twitter_card":"summary_large_image","schema":{"@context":"https:\/\/schema.org","@graph":[{"@type":"WebPage","@id":"https:\/\/marmarisluxurytravel.com\/kvkk-information-text\/cookie-policy\/","url":"https:\/\/marmarisluxurytravel.com\/kvkk-information-text\/cookie-policy\/","name":"\u00c7erez Politikas\u0131 | Marmaris Luxury Travel","isPartOf":{"@id":"https:\/\/marmarisluxurytravel.com\/#website"},"datePublished":"2023-04-29T20:40:02+00:00","dateModified":"2023-04-29T23:39:56+00:00","breadcrumb":{"@id":"https:\/\/marmarisluxurytravel.com\/kvkk-information-text\/cookie-policy\/#breadcrumb"},"inLanguage":"tr","potentialAction":[{"@type":"ReadAction","target":["https:\/\/marmarisluxurytravel.com\/kvkk-information-text\/cookie-policy\/"]}]},{"@type":"BreadcrumbList","@id":"https:\/\/marmarisluxurytravel.com\/kvkk-information-text\/cookie-policy\/#breadcrumb","itemListElement":[{"@type":"ListItem","position":1,"name":"Anasayfa","item":"https:\/\/marmarisluxurytravel.com\/tr\/"},{"@type":"ListItem","position":2,"name":"KVKK- Ayd\u0131nlatma Metni","item":"https:\/\/marmarisluxurytravel.com\/kvkk-information-text\/"},{"@type":"ListItem","position":3,"name":"\u00c7erez Politikas\u0131"}]},{"@type":"WebSite","@id":"https:\/\/marmarisluxurytravel.com\/#website","url":"https:\/\/marmarisluxurytravel.com\/","name":"Marmaris Luxury Travel","description":"Vip Transfer Hizmetleri","publisher":{"@id":"https:\/\/marmarisluxurytravel.com\/#organization"},"alternateName":"Marmaris Vip Transfer Hizmetleri","potentialAction":[{"@type":"SearchAction","target":{"@type":"EntryPoint","urlTemplate":"https:\/\/marmarisluxurytravel.com\/?s={search_term_string}"},"query-input":{"@type":"PropertyValueSpecification","valueRequired":true,"valueName":"search_term_string"}}],"inLanguage":"tr"},{"@type":"Organization","@id":"https:\/\/marmarisluxurytravel.com\/#organization","name":"Marmaris Luxury Travel","alternateName":"Marmaris Vip Ta\u015f\u0131mac\u0131l\u0131k","url":"https:\/\/marmarisluxurytravel.com\/","logo":{"@type":"ImageObject","inLanguage":"tr","@id":"https:\/\/marmarisluxurytravel.com\/#\/schema\/logo\/image\/","url":"https:\/\/marmarisluxurytravel.com\/wp-content\/uploads\/2025\/04\/marmaris_travel_siyah_gold_dikey_EN_logo-copy.png","contentUrl":"https:\/\/marmarisluxurytravel.com\/wp-content\/uploads\/2025\/04\/marmaris_travel_siyah_gold_dikey_EN_logo-copy.png","width":1800,"height":1800,"caption":"Marmaris Luxury Travel"},"image":{"@id":"https:\/\/marmarisluxurytravel.com\/#\/schema\/logo\/image\/"}}]}},"_links":{"self":[{"href":"https:\/\/marmarisluxurytravel.com\/tr\/wp-json\/wp\/v2\/pages\/3394","targetHints":{"allow":["GET"]}}],"collection":[{"href":"https:\/\/marmarisluxurytravel.com\/tr\/wp-json\/wp\/v2\/pages"}],"about":[{"href":"https:\/\/marmarisluxurytravel.com\/tr\/wp-json\/wp\/v2\/types\/page"}],"author":[{"embeddable":true,"href":"https:\/\/marmarisluxurytravel.com\/tr\/wp-json\/wp\/v2\/users\/1"}],"replies":[{"embeddable":true,"href":"https:\/\/marmarisluxurytravel.com\/tr\/wp-json\/wp\/v2\/comments?post=3394"}],"version-history":[{"count":0,"href":"https:\/\/marmarisluxurytravel.com\/tr\/wp-json\/wp\/v2\/pages\/3394\/revisions"}],"up":[{"embeddable":true,"href":"https:\/\/marmarisluxurytravel.com\/tr\/wp-json\/wp\/v2\/pages\/3392"}],"wp:attachment":[{"href":"https:\/\/marmarisluxurytravel.com\/tr\/wp-json\/wp\/v2\/media?parent=3394"}],"curies":[{"name":"wp","href":"https:\/\/api.w.org\/{rel}","templated":true}]}}