{"id":3779,"date":"2025-04-30T09:24:45","date_gmt":"2025-04-30T06:24:45","guid":{"rendered":"https:\/\/marmarisluxurytravel.com\/?page_id=3779"},"modified":"2025-05-02T12:38:32","modified_gmt":"2025-05-02T09:38:32","slug":"rotalar","status":"publish","type":"page","link":"https:\/\/marmarisluxurytravel.com\/tr\/rotalar\/","title":{"rendered":"ROTALAR"},"content":{"rendered":"<div class=\"wpb-content-wrapper\">[vc_row][vc_column]\t  <div class=\"regular-padding row masonry variable-height et-portfolio et-portfolio-layout-grid et-portfolio-style-regular\" data-loadmore=\"#loadmore-697\">\n  \t\t<div class=\"item type-portfolio aspect-ratio-original  cat-vip-tasimacilik col-12 col-md-4 col-lg-3 post-4052 portfolio status-publish has-post-thumbnail hentry portfolio-category-vip-tasimacilik\" id=\"portfolio-4052\">\t\n\t<div class=\"portfolio-holder masonry-items-holder \">\n\t\t<div class=\"et-portfolio-image\">\n\t\t\t<img loading=\"lazy\" decoding=\"async\" width=\"768\" height=\"666\" src=\"https:\/\/marmarisluxurytravel.com\/wp-content\/uploads\/2025\/05\/test_3-768x666.webp\" class=\"attachment-medium_large size-medium_large wp-post-image\" alt=\"\" srcset=\"https:\/\/marmarisluxurytravel.com\/wp-content\/uploads\/2025\/05\/test_3-768x666.webp 768w, https:\/\/marmarisluxurytravel.com\/wp-content\/uploads\/2025\/05\/test_3-300x260.webp 300w, https:\/\/marmarisluxurytravel.com\/wp-content\/uploads\/2025\/05\/test_3-1024x887.webp 1024w, https:\/\/marmarisluxurytravel.com\/wp-content\/uploads\/2025\/05\/test_3-150x130.webp 150w, https:\/\/marmarisluxurytravel.com\/wp-content\/uploads\/2025\/05\/test_3.webp 1500w\" sizes=\"auto, (max-width: 768px) 100vw, 768px\" \/>\t\t\t<div class=\"et-portfolio-hover\"><\/div>\n\t\t<\/div>\n\t\t<a href=\"https:\/\/marmarisluxurytravel.com\/tr\/vip-transfer-soforlu-arac-kiralama\/marmaris-vip-transfer\/\" class=\"et-portfolio-link\"><\/a>\n\t\t<div class=\"et-portfolio-content\">\n\t\t\t<aside class=\"et-portfolio-categories post-categories\">Vip Ta\u015f\u0131mac\u0131l\u0131k<\/aside>\n\t\t\t<h3>Marmaris VIP Transfer<\/h3>\n\t\t<\/div>\n\t<\/div>\n<\/div><div class=\"item type-portfolio aspect-ratio-original  cat-vip-tasimacilik col-12 col-md-4 col-lg-3 post-4282 portfolio status-publish has-post-thumbnail hentry portfolio-category-vip-tasimacilik\" id=\"portfolio-4282\">\t\n\t<div class=\"portfolio-holder masonry-items-holder \">\n\t\t<div class=\"et-portfolio-image\">\n\t\t\t<img loading=\"lazy\" decoding=\"async\" width=\"768\" height=\"666\" src=\"https:\/\/marmarisluxurytravel.com\/wp-content\/uploads\/2025\/05\/marmaris_luxury_travel_transfer_vip_dalaman_-768x666.webp\" class=\"attachment-medium_large size-medium_large wp-post-image\" alt=\"\" srcset=\"https:\/\/marmarisluxurytravel.com\/wp-content\/uploads\/2025\/05\/marmaris_luxury_travel_transfer_vip_dalaman_-768x666.webp 768w, https:\/\/marmarisluxurytravel.com\/wp-content\/uploads\/2025\/05\/marmaris_luxury_travel_transfer_vip_dalaman_-300x260.webp 300w, https:\/\/marmarisluxurytravel.com\/wp-content\/uploads\/2025\/05\/marmaris_luxury_travel_transfer_vip_dalaman_-1024x887.webp 1024w, https:\/\/marmarisluxurytravel.com\/wp-content\/uploads\/2025\/05\/marmaris_luxury_travel_transfer_vip_dalaman_-150x130.webp 150w, https:\/\/marmarisluxurytravel.com\/wp-content\/uploads\/2025\/05\/marmaris_luxury_travel_transfer_vip_dalaman_.webp 1500w\" sizes=\"auto, (max-width: 768px) 100vw, 768px\" \/>\t\t\t<div class=\"et-portfolio-hover\"><\/div>\n\t\t<\/div>\n\t\t<a href=\"https:\/\/marmarisluxurytravel.com\/tr\/vip-transfer-soforlu-arac-kiralama\/dalaman-vip-transfer\/\" class=\"et-portfolio-link\"><\/a>\n\t\t<div class=\"et-portfolio-content\">\n\t\t\t<aside class=\"et-portfolio-categories post-categories\">Vip Ta\u015f\u0131mac\u0131l\u0131k<\/aside>\n\t\t\t<h3>Dalaman VIP Transfer<\/h3>\n\t\t<\/div>\n\t<\/div>\n<\/div><div class=\"item type-portfolio aspect-ratio-original  cat-vip-tasimacilik col-12 col-md-4 col-lg-3 post-4289 portfolio status-publish has-post-thumbnail hentry portfolio-category-vip-tasimacilik\" id=\"portfolio-4289\">\t\n\t<div class=\"portfolio-holder masonry-items-holder \">\n\t\t<div class=\"et-portfolio-image\">\n\t\t\t<img loading=\"lazy\" decoding=\"async\" width=\"768\" height=\"666\" src=\"https:\/\/marmarisluxurytravel.com\/wp-content\/uploads\/2025\/05\/marmaris_luxury_travel_transfer_vip_bodrum_-768x666.webp\" class=\"attachment-medium_large size-medium_large wp-post-image\" alt=\"\" srcset=\"https:\/\/marmarisluxurytravel.com\/wp-content\/uploads\/2025\/05\/marmaris_luxury_travel_transfer_vip_bodrum_-768x666.webp 768w, https:\/\/marmarisluxurytravel.com\/wp-content\/uploads\/2025\/05\/marmaris_luxury_travel_transfer_vip_bodrum_-300x260.webp 300w, https:\/\/marmarisluxurytravel.com\/wp-content\/uploads\/2025\/05\/marmaris_luxury_travel_transfer_vip_bodrum_-1024x887.webp 1024w, https:\/\/marmarisluxurytravel.com\/wp-content\/uploads\/2025\/05\/marmaris_luxury_travel_transfer_vip_bodrum_-150x130.webp 150w, https:\/\/marmarisluxurytravel.com\/wp-content\/uploads\/2025\/05\/marmaris_luxury_travel_transfer_vip_bodrum_.webp 1500w\" sizes=\"auto, (max-width: 768px) 100vw, 768px\" \/>\t\t\t<div class=\"et-portfolio-hover\"><\/div>\n\t\t<\/div>\n\t\t<a href=\"https:\/\/marmarisluxurytravel.com\/tr\/vip-transfer-soforlu-arac-kiralama\/bodrum-vip-transfer\/\" class=\"et-portfolio-link\"><\/a>\n\t\t<div class=\"et-portfolio-content\">\n\t\t\t<aside class=\"et-portfolio-categories post-categories\">Vip Ta\u015f\u0131mac\u0131l\u0131k<\/aside>\n\t\t\t<h3>Bodrum VIP Transfer<\/h3>\n\t\t<\/div>\n\t<\/div>\n<\/div><div class=\"item type-portfolio aspect-ratio-original  cat-vip-tasimacilik col-12 col-md-4 col-lg-3 post-4285 portfolio status-publish has-post-thumbnail hentry portfolio-category-vip-tasimacilik\" id=\"portfolio-4285\">\t\n\t<div class=\"portfolio-holder masonry-items-holder \">\n\t\t<div class=\"et-portfolio-image\">\n\t\t\t<img loading=\"lazy\" decoding=\"async\" width=\"768\" height=\"666\" src=\"https:\/\/marmarisluxurytravel.com\/wp-content\/uploads\/2025\/05\/marmaris_luxury_travel_transfer_vip_oludeniz_-768x666.webp\" class=\"attachment-medium_large size-medium_large wp-post-image\" alt=\"\" srcset=\"https:\/\/marmarisluxurytravel.com\/wp-content\/uploads\/2025\/05\/marmaris_luxury_travel_transfer_vip_oludeniz_-768x666.webp 768w, https:\/\/marmarisluxurytravel.com\/wp-content\/uploads\/2025\/05\/marmaris_luxury_travel_transfer_vip_oludeniz_-300x260.webp 300w, https:\/\/marmarisluxurytravel.com\/wp-content\/uploads\/2025\/05\/marmaris_luxury_travel_transfer_vip_oludeniz_-1024x887.webp 1024w, https:\/\/marmarisluxurytravel.com\/wp-content\/uploads\/2025\/05\/marmaris_luxury_travel_transfer_vip_oludeniz_-150x130.webp 150w, https:\/\/marmarisluxurytravel.com\/wp-content\/uploads\/2025\/05\/marmaris_luxury_travel_transfer_vip_oludeniz_.webp 1500w\" sizes=\"auto, (max-width: 768px) 100vw, 768px\" \/>\t\t\t<div class=\"et-portfolio-hover\"><\/div>\n\t\t<\/div>\n\t\t<a href=\"https:\/\/marmarisluxurytravel.com\/tr\/vip-transfer-soforlu-arac-kiralama\/4285\/\" class=\"et-portfolio-link\"><\/a>\n\t\t<div class=\"et-portfolio-content\">\n\t\t\t<aside class=\"et-portfolio-categories post-categories\">Vip Ta\u015f\u0131mac\u0131l\u0131k<\/aside>\n\t\t\t<h3>\u00d6l\u00fcdeniz VIP Transfer<\/h3>\n\t\t<\/div>\n\t<\/div>\n<\/div><div class=\"item type-portfolio aspect-ratio-original  cat-vip-tasimacilik col-12 col-md-4 col-lg-3 post-4297 portfolio status-publish has-post-thumbnail hentry portfolio-category-vip-tasimacilik\" id=\"portfolio-4297\">\t\n\t<div class=\"portfolio-holder masonry-items-holder \">\n\t\t<div class=\"et-portfolio-image\">\n\t\t\t<img loading=\"lazy\" decoding=\"async\" width=\"768\" height=\"666\" src=\"https:\/\/marmarisluxurytravel.com\/wp-content\/uploads\/2025\/05\/marmaris_luxury_travel_transfer_vip_cesme_-768x666.webp\" class=\"attachment-medium_large size-medium_large wp-post-image\" alt=\"\" srcset=\"https:\/\/marmarisluxurytravel.com\/wp-content\/uploads\/2025\/05\/marmaris_luxury_travel_transfer_vip_cesme_-768x666.webp 768w, https:\/\/marmarisluxurytravel.com\/wp-content\/uploads\/2025\/05\/marmaris_luxury_travel_transfer_vip_cesme_-300x260.webp 300w, https:\/\/marmarisluxurytravel.com\/wp-content\/uploads\/2025\/05\/marmaris_luxury_travel_transfer_vip_cesme_-1024x887.webp 1024w, https:\/\/marmarisluxurytravel.com\/wp-content\/uploads\/2025\/05\/marmaris_luxury_travel_transfer_vip_cesme_-150x130.webp 150w, https:\/\/marmarisluxurytravel.com\/wp-content\/uploads\/2025\/05\/marmaris_luxury_travel_transfer_vip_cesme_.webp 1500w\" sizes=\"auto, (max-width: 768px) 100vw, 768px\" \/>\t\t\t<div class=\"et-portfolio-hover\"><\/div>\n\t\t<\/div>\n\t\t<a href=\"https:\/\/marmarisluxurytravel.com\/tr\/vip-transfer-soforlu-arac-kiralama\/cesme-vip-transfer\/\" class=\"et-portfolio-link\"><\/a>\n\t\t<div class=\"et-portfolio-content\">\n\t\t\t<aside class=\"et-portfolio-categories post-categories\">Vip Ta\u015f\u0131mac\u0131l\u0131k<\/aside>\n\t\t\t<h3>\u00c7e\u015fme VIP Transfer<\/h3>\n\t\t<\/div>\n\t<\/div>\n<\/div><div class=\"item type-portfolio aspect-ratio-original  cat-vip-tasimacilik col-12 col-md-4 col-lg-3 post-4292 portfolio status-publish has-post-thumbnail hentry portfolio-category-vip-tasimacilik\" id=\"portfolio-4292\">\t\n\t<div class=\"portfolio-holder masonry-items-holder \">\n\t\t<div class=\"et-portfolio-image\">\n\t\t\t<img loading=\"lazy\" decoding=\"async\" width=\"768\" height=\"666\" src=\"https:\/\/marmarisluxurytravel.com\/wp-content\/uploads\/2025\/05\/marmaris_luxury_travel_transfer_vip_didim_-768x666.webp\" class=\"attachment-medium_large size-medium_large wp-post-image\" alt=\"\" srcset=\"https:\/\/marmarisluxurytravel.com\/wp-content\/uploads\/2025\/05\/marmaris_luxury_travel_transfer_vip_didim_-768x666.webp 768w, https:\/\/marmarisluxurytravel.com\/wp-content\/uploads\/2025\/05\/marmaris_luxury_travel_transfer_vip_didim_-300x260.webp 300w, https:\/\/marmarisluxurytravel.com\/wp-content\/uploads\/2025\/05\/marmaris_luxury_travel_transfer_vip_didim_-1024x887.webp 1024w, https:\/\/marmarisluxurytravel.com\/wp-content\/uploads\/2025\/05\/marmaris_luxury_travel_transfer_vip_didim_-150x130.webp 150w, https:\/\/marmarisluxurytravel.com\/wp-content\/uploads\/2025\/05\/marmaris_luxury_travel_transfer_vip_didim_.webp 1500w\" sizes=\"auto, (max-width: 768px) 100vw, 768px\" \/>\t\t\t<div class=\"et-portfolio-hover\"><\/div>\n\t\t<\/div>\n\t\t<a href=\"https:\/\/marmarisluxurytravel.com\/tr\/vip-transfer-soforlu-arac-kiralama\/didim-vip-transfer\/\" class=\"et-portfolio-link\"><\/a>\n\t\t<div class=\"et-portfolio-content\">\n\t\t\t<aside class=\"et-portfolio-categories post-categories\">Vip Ta\u015f\u0131mac\u0131l\u0131k<\/aside>\n\t\t\t<h3>Didim VIP Transfer<\/h3>\n\t\t<\/div>\n\t<\/div>\n<\/div><div class=\"item type-portfolio aspect-ratio-original  cat-vip-tasimacilik col-12 col-md-4 col-lg-3 post-4286 portfolio status-publish has-post-thumbnail hentry portfolio-category-vip-tasimacilik\" id=\"portfolio-4286\">\t\n\t<div class=\"portfolio-holder masonry-items-holder \">\n\t\t<div class=\"et-portfolio-image\">\n\t\t\t<img loading=\"lazy\" decoding=\"async\" width=\"768\" height=\"666\" src=\"https:\/\/marmarisluxurytravel.com\/wp-content\/uploads\/2025\/05\/marmaris_luxury_travel_transfer_vip_dalyan_-768x666.webp\" class=\"attachment-medium_large size-medium_large wp-post-image\" alt=\"\" srcset=\"https:\/\/marmarisluxurytravel.com\/wp-content\/uploads\/2025\/05\/marmaris_luxury_travel_transfer_vip_dalyan_-768x666.webp 768w, https:\/\/marmarisluxurytravel.com\/wp-content\/uploads\/2025\/05\/marmaris_luxury_travel_transfer_vip_dalyan_-300x260.webp 300w, https:\/\/marmarisluxurytravel.com\/wp-content\/uploads\/2025\/05\/marmaris_luxury_travel_transfer_vip_dalyan_-1024x887.webp 1024w, https:\/\/marmarisluxurytravel.com\/wp-content\/uploads\/2025\/05\/marmaris_luxury_travel_transfer_vip_dalyan_-150x130.webp 150w, https:\/\/marmarisluxurytravel.com\/wp-content\/uploads\/2025\/05\/marmaris_luxury_travel_transfer_vip_dalyan_.webp 1500w\" sizes=\"auto, (max-width: 768px) 100vw, 768px\" \/>\t\t\t<div class=\"et-portfolio-hover\"><\/div>\n\t\t<\/div>\n\t\t<a href=\"https:\/\/marmarisluxurytravel.com\/tr\/vip-transfer-soforlu-arac-kiralama\/dalyan-vip-transfer\/\" class=\"et-portfolio-link\"><\/a>\n\t\t<div class=\"et-portfolio-content\">\n\t\t\t<aside class=\"et-portfolio-categories post-categories\">Vip Ta\u015f\u0131mac\u0131l\u0131k<\/aside>\n\t\t\t<h3>Dalyan VIP Transfer<\/h3>\n\t\t<\/div>\n\t<\/div>\n<\/div><div class=\"item type-portfolio aspect-ratio-original  cat-vip-tasimacilik col-12 col-md-4 col-lg-3 post-4300 portfolio status-publish has-post-thumbnail hentry portfolio-category-vip-tasimacilik\" id=\"portfolio-4300\">\t\n\t<div class=\"portfolio-holder masonry-items-holder \">\n\t\t<div class=\"et-portfolio-image\">\n\t\t\t<img loading=\"lazy\" decoding=\"async\" width=\"768\" height=\"666\" src=\"https:\/\/marmarisluxurytravel.com\/wp-content\/uploads\/2025\/05\/marmaris_luxury_travel_vip_arac_kusadasi_-768x666.webp\" class=\"attachment-medium_large size-medium_large wp-post-image\" alt=\"\" srcset=\"https:\/\/marmarisluxurytravel.com\/wp-content\/uploads\/2025\/05\/marmaris_luxury_travel_vip_arac_kusadasi_-768x666.webp 768w, https:\/\/marmarisluxurytravel.com\/wp-content\/uploads\/2025\/05\/marmaris_luxury_travel_vip_arac_kusadasi_-300x260.webp 300w, https:\/\/marmarisluxurytravel.com\/wp-content\/uploads\/2025\/05\/marmaris_luxury_travel_vip_arac_kusadasi_-1024x887.webp 1024w, https:\/\/marmarisluxurytravel.com\/wp-content\/uploads\/2025\/05\/marmaris_luxury_travel_vip_arac_kusadasi_-150x130.webp 150w, https:\/\/marmarisluxurytravel.com\/wp-content\/uploads\/2025\/05\/marmaris_luxury_travel_vip_arac_kusadasi_.webp 1500w\" sizes=\"auto, (max-width: 768px) 100vw, 768px\" \/>\t\t\t<div class=\"et-portfolio-hover\"><\/div>\n\t\t<\/div>\n\t\t<a href=\"https:\/\/marmarisluxurytravel.com\/tr\/vip-transfer-soforlu-arac-kiralama\/kusadasi-vip-transfer\/\" class=\"et-portfolio-link\"><\/a>\n\t\t<div class=\"et-portfolio-content\">\n\t\t\t<aside class=\"et-portfolio-categories post-categories\">Vip Ta\u015f\u0131mac\u0131l\u0131k<\/aside>\n\t\t\t<h3>Ku\u015fadas\u0131 VIP Transfer<\/h3>\n\t\t<\/div>\n\t<\/div>\n<\/div>\t<\/div>\n\t\n\t[\/vc_column][\/vc_row]\n<\/div>","protected":false},"excerpt":{"rendered":"<p>[vc_row][vc_column][\/vc_column][\/vc_row]<\/p>\n","protected":false},"author":1,"featured_media":0,"parent":0,"menu_order":0,"comment_status":"closed","ping_status":"closed","template":"","meta":{"footnotes":""},"class_list":["post-3779","page","type-page","status-publish","hentry"],"yoast_head":"<!-- This site is optimized with the Yoast SEO plugin v27.3 - https:\/\/yoast.com\/product\/yoast-seo-wordpress\/ -->\n<title>ROTALAR | Marmaris Luxury Travel<\/title>\n<meta name=\"robots\" content=\"index, follow, max-snippet:-1, max-image-preview:large, max-video-preview:-1\" \/>\n<link rel=\"canonical\" href=\"https:\/\/marmarisluxurytravel.com\/routes\/\" \/>\n<meta property=\"og:locale\" content=\"tr_TR\" \/>\n<meta property=\"og:type\" content=\"article\" \/>\n<meta property=\"og:title\" content=\"ROTALAR | Marmaris Luxury Travel\" \/>\n<meta property=\"og:description\" content=\"[vc_row][vc_column][\/vc_column][\/vc_row]\" \/>\n<meta property=\"og:url\" content=\"https:\/\/marmarisluxurytravel.com\/routes\/\" \/>\n<meta property=\"og:site_name\" content=\"Marmaris Luxury Travel\" \/>\n<meta property=\"article:modified_time\" content=\"2025-05-02T09:38:32+00:00\" \/>\n<meta property=\"og:image\" content=\"https:\/\/marmarisluxurytravel.com\/wp-content\/uploads\/2025\/04\/marmaris_travel_siyah_gold_dikey_EN_logo-copy.png\" \/>\n\t<meta property=\"og:image:width\" content=\"1800\" \/>\n\t<meta property=\"og:image:height\" content=\"1800\" \/>\n\t<meta property=\"og:image:type\" content=\"image\/png\" \/>\n<meta name=\"twitter:card\" content=\"summary_large_image\" \/>\n<meta name=\"twitter:label1\" content=\"Tahmini okuma s\u00fcresi\" \/>\n\t<meta name=\"twitter:data1\" content=\"1 dakika\" \/>\n<script type=\"application\/ld+json\" class=\"yoast-schema-graph\">{\"@context\":\"https:\\\/\\\/schema.org\",\"@graph\":[{\"@type\":\"WebPage\",\"@id\":\"https:\\\/\\\/marmarisluxurytravel.com\\\/routes\\\/\",\"url\":\"https:\\\/\\\/marmarisluxurytravel.com\\\/routes\\\/\",\"name\":\"ROTALAR | Marmaris Luxury Travel\",\"isPartOf\":{\"@id\":\"https:\\\/\\\/marmarisluxurytravel.com\\\/#website\"},\"datePublished\":\"2025-04-30T06:24:45+00:00\",\"dateModified\":\"2025-05-02T09:38:32+00:00\",\"breadcrumb\":{\"@id\":\"https:\\\/\\\/marmarisluxurytravel.com\\\/routes\\\/#breadcrumb\"},\"inLanguage\":\"tr\",\"potentialAction\":[{\"@type\":\"ReadAction\",\"target\":[\"https:\\\/\\\/marmarisluxurytravel.com\\\/routes\\\/\"]}]},{\"@type\":\"BreadcrumbList\",\"@id\":\"https:\\\/\\\/marmarisluxurytravel.com\\\/routes\\\/#breadcrumb\",\"itemListElement\":[{\"@type\":\"ListItem\",\"position\":1,\"name\":\"Anasayfa\",\"item\":\"https:\\\/\\\/marmarisluxurytravel.com\\\/tr\\\/\"},{\"@type\":\"ListItem\",\"position\":2,\"name\":\"ROTALAR\"}]},{\"@type\":\"WebSite\",\"@id\":\"https:\\\/\\\/marmarisluxurytravel.com\\\/#website\",\"url\":\"https:\\\/\\\/marmarisluxurytravel.com\\\/\",\"name\":\"Marmaris Luxury Travel\",\"description\":\"Vip Transfer Hizmetleri\",\"publisher\":{\"@id\":\"https:\\\/\\\/marmarisluxurytravel.com\\\/#organization\"},\"alternateName\":\"Marmaris Vip Transfer Hizmetleri\",\"potentialAction\":[{\"@type\":\"SearchAction\",\"target\":{\"@type\":\"EntryPoint\",\"urlTemplate\":\"https:\\\/\\\/marmarisluxurytravel.com\\\/?s={search_term_string}\"},\"query-input\":{\"@type\":\"PropertyValueSpecification\",\"valueRequired\":true,\"valueName\":\"search_term_string\"}}],\"inLanguage\":\"tr\"},{\"@type\":\"Organization\",\"@id\":\"https:\\\/\\\/marmarisluxurytravel.com\\\/#organization\",\"name\":\"Marmaris Luxury Travel\",\"alternateName\":\"Marmaris Vip Ta\u015f\u0131mac\u0131l\u0131k\",\"url\":\"https:\\\/\\\/marmarisluxurytravel.com\\\/\",\"logo\":{\"@type\":\"ImageObject\",\"inLanguage\":\"tr\",\"@id\":\"https:\\\/\\\/marmarisluxurytravel.com\\\/#\\\/schema\\\/logo\\\/image\\\/\",\"url\":\"https:\\\/\\\/marmarisluxurytravel.com\\\/wp-content\\\/uploads\\\/2025\\\/04\\\/marmaris_travel_siyah_gold_dikey_EN_logo-copy.png\",\"contentUrl\":\"https:\\\/\\\/marmarisluxurytravel.com\\\/wp-content\\\/uploads\\\/2025\\\/04\\\/marmaris_travel_siyah_gold_dikey_EN_logo-copy.png\",\"width\":1800,\"height\":1800,\"caption\":\"Marmaris Luxury Travel\"},\"image\":{\"@id\":\"https:\\\/\\\/marmarisluxurytravel.com\\\/#\\\/schema\\\/logo\\\/image\\\/\"}}]}<\/script>\n<!-- \/ Yoast SEO plugin. -->","yoast_head_json":{"title":"ROTALAR | Marmaris Luxury Travel","robots":{"index":"index","follow":"follow","max-snippet":"max-snippet:-1","max-image-preview":"max-image-preview:large","max-video-preview":"max-video-preview:-1"},"canonical":"https:\/\/marmarisluxurytravel.com\/routes\/","og_locale":"tr_TR","og_type":"article","og_title":"ROTALAR | Marmaris Luxury Travel","og_description":"[vc_row][vc_column][\/vc_column][\/vc_row]","og_url":"https:\/\/marmarisluxurytravel.com\/routes\/","og_site_name":"Marmaris Luxury Travel","article_modified_time":"2025-05-02T09:38:32+00:00","og_image":[{"width":1800,"height":1800,"url":"https:\/\/marmarisluxurytravel.com\/wp-content\/uploads\/2025\/04\/marmaris_travel_siyah_gold_dikey_EN_logo-copy.png","type":"image\/png"}],"twitter_card":"summary_large_image","twitter_misc":{"Tahmini okuma s\u00fcresi":"1 dakika"},"schema":{"@context":"https:\/\/schema.org","@graph":[{"@type":"WebPage","@id":"https:\/\/marmarisluxurytravel.com\/routes\/","url":"https:\/\/marmarisluxurytravel.com\/routes\/","name":"ROTALAR | Marmaris Luxury Travel","isPartOf":{"@id":"https:\/\/marmarisluxurytravel.com\/#website"},"datePublished":"2025-04-30T06:24:45+00:00","dateModified":"2025-05-02T09:38:32+00:00","breadcrumb":{"@id":"https:\/\/marmarisluxurytravel.com\/routes\/#breadcrumb"},"inLanguage":"tr","potentialAction":[{"@type":"ReadAction","target":["https:\/\/marmarisluxurytravel.com\/routes\/"]}]},{"@type":"BreadcrumbList","@id":"https:\/\/marmarisluxurytravel.com\/routes\/#breadcrumb","itemListElement":[{"@type":"ListItem","position":1,"name":"Anasayfa","item":"https:\/\/marmarisluxurytravel.com\/tr\/"},{"@type":"ListItem","position":2,"name":"ROTALAR"}]},{"@type":"WebSite","@id":"https:\/\/marmarisluxurytravel.com\/#website","url":"https:\/\/marmarisluxurytravel.com\/","name":"Marmaris Luxury Travel","description":"Vip Transfer Hizmetleri","publisher":{"@id":"https:\/\/marmarisluxurytravel.com\/#organization"},"alternateName":"Marmaris Vip Transfer Hizmetleri","potentialAction":[{"@type":"SearchAction","target":{"@type":"EntryPoint","urlTemplate":"https:\/\/marmarisluxurytravel.com\/?s={search_term_string}"},"query-input":{"@type":"PropertyValueSpecification","valueRequired":true,"valueName":"search_term_string"}}],"inLanguage":"tr"},{"@type":"Organization","@id":"https:\/\/marmarisluxurytravel.com\/#organization","name":"Marmaris Luxury Travel","alternateName":"Marmaris Vip Ta\u015f\u0131mac\u0131l\u0131k","url":"https:\/\/marmarisluxurytravel.com\/","logo":{"@type":"ImageObject","inLanguage":"tr","@id":"https:\/\/marmarisluxurytravel.com\/#\/schema\/logo\/image\/","url":"https:\/\/marmarisluxurytravel.com\/wp-content\/uploads\/2025\/04\/marmaris_travel_siyah_gold_dikey_EN_logo-copy.png","contentUrl":"https:\/\/marmarisluxurytravel.com\/wp-content\/uploads\/2025\/04\/marmaris_travel_siyah_gold_dikey_EN_logo-copy.png","width":1800,"height":1800,"caption":"Marmaris Luxury Travel"},"image":{"@id":"https:\/\/marmarisluxurytravel.com\/#\/schema\/logo\/image\/"}}]}},"_links":{"self":[{"href":"https:\/\/marmarisluxurytravel.com\/tr\/wp-json\/wp\/v2\/pages\/3779","targetHints":{"allow":["GET"]}}],"collection":[{"href":"https:\/\/marmarisluxurytravel.com\/tr\/wp-json\/wp\/v2\/pages"}],"about":[{"href":"https:\/\/marmarisluxurytravel.com\/tr\/wp-json\/wp\/v2\/types\/page"}],"author":[{"embeddable":true,"href":"https:\/\/marmarisluxurytravel.com\/tr\/wp-json\/wp\/v2\/users\/1"}],"replies":[{"embeddable":true,"href":"https:\/\/marmarisluxurytravel.com\/tr\/wp-json\/wp\/v2\/comments?post=3779"}],"version-history":[{"count":0,"href":"https:\/\/marmarisluxurytravel.com\/tr\/wp-json\/wp\/v2\/pages\/3779\/revisions"}],"wp:attachment":[{"href":"https:\/\/marmarisluxurytravel.com\/tr\/wp-json\/wp\/v2\/media?parent=3779"}],"curies":[{"name":"wp","href":"https:\/\/api.w.org\/{rel}","templated":true}]}}